{"id":72,"date":"2015-10-11T02:23:50","date_gmt":"2015-10-11T02:23:50","guid":{"rendered":"http:\/\/pontuallider.com.br\/?page_id=72"},"modified":"2015-10-11T02:23:50","modified_gmt":"2015-10-11T02:23:50","slug":"perguntas-e-respostas","status":"publish","type":"page","link":"http:\/\/pontuallider.com.br\/?page_id=72","title":{"rendered":"Perguntas e Respostas"},"content":{"rendered":"<p><strong>Quando vou pagar a taxa da Ag\u00eancia?<\/strong><br \/>\nE feito o recebimento somente a partir da contrata\u00e7\u00e3o, quando a funcionaria come\u00e7ar a exercer suas fun\u00e7\u00f5es.<\/p>\n<p><strong>Voc\u00eas assinam carteira?<\/strong><br \/>\nN\u00e3o. Se a ag\u00eancia assinar a carteira da funcion\u00e1ria, ela n\u00e3o ser\u00e1 uma empregada dom\u00e9stica. Oferecemos aos nossos clientes todo o auxilio para realizar a contrata\u00e7\u00e3o, dando assessoria trabalhista e a um contador, tirando suas d\u00favidas e deixando tudo pronto para voc\u00ea finalizar o processo sem dificuldades.<\/p>\n<p><strong>Voc\u00eas cobram o or\u00e7amento?<\/strong><br \/>\nNossos or\u00e7amentos s\u00e3o\u00a0totalmente gratuitos e n\u00e3o possuem\u00a0qualquer v\u00ednculo. O objetivo\u00a0\u00e9 entender o\u00a0servi\u00e7o pretendido e suas necessidades espec\u00edficas.<\/p>\n<p><strong>Qual \u00e9 o procedimento para contratar um servi\u00e7o de diarista da\u00a0Pontual L\u00edder?<\/strong><br \/>\nBasta entrar em contato conosco pelos telefones dispon\u00edveis\u00a0para explicar em detalhe os servi\u00e7os e suas necessidades espec\u00edficas. Ap\u00f3s an\u00e1lise ser\u00e1 enviada uma proposta para a contrata\u00e7\u00e3o do servi\u00e7o pretendido.<\/p>\n<p><strong>Os servi\u00e7os da Pontual L\u00edder s\u00e3o contratados por um per\u00edodo m\u00ednimo de tempo?<\/strong><br \/>\nOs servi\u00e7os s\u00e3o ajustados \u00e0s suas necessidades. Desta maneira, disponibilizamos servi\u00e7os pontuais ou servi\u00e7os mais longos. A flexibilidade \u00e9 um dos nossos princ\u00edpios.<\/p>\n<p><strong>Os servi\u00e7os da Pontual L\u00edder &#8220;Cuidadores de idosos&#8221;\u00a0s\u00e3o destinados apenas a idosos?<\/strong><br \/>\nOs nossos servi\u00e7os s\u00e3o de\u00a0apoio a pessoas de qualquer idade que estejam dependentes, doentes ou necessitem de acompanhamento.<\/p>\n<p><strong>Existe algum per\u00edodo de tempo em que n\u00e3o prestam servi\u00e7os?<\/strong><br \/>\nPrestamos servi\u00e7os todos os dias do ano, incluindo feriados e finais de semana, caso tenha essa necessidade. Estamos ao seu dispor em qualquer situa\u00e7\u00e3o.<\/p>\n<p><strong>Se n\u00e3o estiver satisfeita com um colaborador posso pedir substitui\u00e7\u00e3o?<\/strong><br \/>\nSim. Acompanharemos por 120 dias ap\u00f3s a contrata\u00e7\u00e3o. Durante esse per\u00edodo, substituiremos imediatamente por algu\u00e9m que desempenhe as tarefas da forma que deseja.<\/p>\n","protected":false},"excerpt":{"rendered":"<p>Quando vou pagar a taxa da Ag\u00eancia? E feito o recebimento somente a partir da contrata\u00e7\u00e3o, quando a funcionaria come\u00e7ar a exercer suas fun\u00e7\u00f5es. Voc\u00eas assinam carteira? N\u00e3o. Se a ag\u00eancia assinar a carteira da funcion\u00e1ria, ela n\u00e3o ser\u00e1 uma &hellip; <a href=\"http:\/\/pontuallider.com.br\/?page_id=72\">Continue lendo <span class=\"meta-nav\">&rarr;<\/span><\/a><\/p>\n","protected":false},"author":1,"featured_media":0,"parent":0,"menu_order":8,"comment_status":"closed","ping_status":"closed","template":"","meta":{"footnotes":""},"_links":{"self":[{"href":"http:\/\/pontuallider.com.br\/index.php?rest_route=\/wp\/v2\/pages\/72"}],"collection":[{"href":"http:\/\/pontuallider.com.br\/index.php?rest_route=\/wp\/v2\/pages"}],"about":[{"href":"http:\/\/pontuallider.com.br\/index.php?rest_route=\/wp\/v2\/types\/page"}],"author":[{"embeddable":true,"href":"http:\/\/pontuallider.com.br\/index.php?rest_route=\/wp\/v2\/users\/1"}],"replies":[{"embeddable":true,"href":"http:\/\/pontuallider.com.br\/index.php?rest_route=%2Fwp%2Fv2%2Fcomments&post=72"}],"version-history":[{"count":0,"href":"http:\/\/pontuallider.com.br\/index.php?rest_route=\/wp\/v2\/pages\/72\/revisions"}],"wp:attachment":[{"href":"http:\/\/pontuallider.com.br\/index.php?rest_route=%2Fwp%2Fv2%2Fmedia&parent=72"}],"curies":[{"name":"wp","href":"https:\/\/api.w.org\/{rel}","templated":true}]}}