{"id":5,"date":"2015-10-08T13:48:56","date_gmt":"2015-10-08T13:48:56","guid":{"rendered":"http:\/\/localhost:8080\/wordpress-3.6.1\/wordpress\/?page_id=2"},"modified":"2015-10-08T13:48:56","modified_gmt":"2015-10-08T13:48:56","slug":"pontual-lider","status":"publish","type":"page","link":"http:\/\/pontuallider.com.br\/","title":{"rendered":"Pontual L\u00edder"},"content":{"rendered":"<h1>Ag\u00eancia de Empregadas Dom\u00e9sticas BH<\/h1>\n<h2>Encontre <strong>empregada dom\u00e9stica, faxineira, cuidador de idosos, motoristas, cozinheira, bab\u00e1, copeira, arrumadeira, caseiro e governanta <\/strong>em toda <em>Belo Horizonte, Contagem, Brumadinho (Condom\u00ednio Alphaville, Morro do Chap\u00e9u, Lagoa dos Ingleses), Nova Lima e regi\u00f5es vizinhas<\/em>.<\/h2>\n<p>A <strong>Ag\u00eancia Pontual L\u00edder<\/strong> conta com a experi\u00eancia de seus administradores\u00a0desde 1983 na contrata\u00e7\u00e3o de profissionais dom\u00e9sticos diaristas.<\/p>\n<p><strong>NOSSO OBJETIVO<\/strong>: disponibilizar profissionais qualificados e adequados a excelentes oportunidades de trabalho.<\/p>\n<p>Atendemos a diversas fam\u00edlias mineiras sempre zelando pela presta\u00e7\u00e3o de bons servi\u00e7os. A prioridade \u00e9 garantir qualidade e seguran\u00e7a na hora de contratar o profissional.<\/p>\n<p>Para contratar a nossa\u00a0Ag\u00eancia de Empregadas Dom\u00e9sticas e encontrar os candidatos \u00e9 necess\u00e1rio realizar o cadastro conosco nos telefones\u00a0<strong>(31) 3222.0395 <\/strong>\/<strong>\u00a0(31) 99191.5001<\/strong> (Vivo &#8211; Whastapp)<strong>\u00a0<\/strong>e seguir o processo assim como para a candidatura. Para quem precisa saber o sal\u00e1rio dos profissionais, basta entrar em contato.\u00a0Sal\u00e1rio esse, que varia de acordo com a sua necessidade. O funcion\u00e1rio pode ser diarista, mensalista ou repousar em sua resid\u00eancia, isso \u00e9 determinado pela op\u00e7\u00e3o do contratante e do trabalho exercido pelo funcion\u00e1rio.<\/p>\n<p>Em nossa p\u00e1gina na internet, <strong>PontualLider.com.br<\/strong> voc\u00ea saber\u00e1 de todas as op\u00e7\u00f5es de profissionais dom\u00e9sticos para contrata\u00e7\u00e3o e disponibilidade de hor\u00e1rios. Fa\u00e7a agora sua consulta com a gente e boa sorte!<\/p>\n","protected":false},"excerpt":{"rendered":"<p>Ag\u00eancia de Empregadas Dom\u00e9sticas BH Encontre empregada dom\u00e9stica, faxineira, cuidador de idosos, motoristas, cozinheira, bab\u00e1, copeira, arrumadeira, caseiro e governanta em toda Belo Horizonte, Contagem, Brumadinho (Condom\u00ednio Alphaville, Morro do Chap\u00e9u, Lagoa dos Ingleses), Nova Lima e regi\u00f5es vizinhas. A &hellip; <a href=\"http:\/\/pontuallider.com.br\/\">Continue lendo <span class=\"meta-nav\">&rarr;<\/span><\/a><\/p>\n","protected":false},"author":1,"featured_media":0,"parent":0,"menu_order":1,"comment_status":"closed","ping_status":"closed","template":"","meta":{"footnotes":""},"_links":{"self":[{"href":"http:\/\/pontuallider.com.br\/index.php?rest_route=\/wp\/v2\/pages\/5"}],"collection":[{"href":"http:\/\/pontuallider.com.br\/index.php?rest_route=\/wp\/v2\/pages"}],"about":[{"href":"http:\/\/pontuallider.com.br\/index.php?rest_route=\/wp\/v2\/types\/page"}],"author":[{"embeddable":true,"href":"http:\/\/pontuallider.com.br\/index.php?rest_route=\/wp\/v2\/users\/1"}],"replies":[{"embeddable":true,"href":"http:\/\/pontuallider.com.br\/index.php?rest_route=%2Fwp%2Fv2%2Fcomments&post=5"}],"version-history":[{"count":0,"href":"http:\/\/pontuallider.com.br\/index.php?rest_route=\/wp\/v2\/pages\/5\/revisions"}],"wp:attachment":[{"href":"http:\/\/pontuallider.com.br\/index.php?rest_route=%2Fwp%2Fv2%2Fmedia&parent=5"}],"curies":[{"name":"wp","href":"https:\/\/api.w.org\/{rel}","templated":true}]}}