{"id":17,"date":"2015-10-08T17:41:02","date_gmt":"2015-10-08T17:41:02","guid":{"rendered":"http:\/\/pontuallider.com.br\/?page_id=17"},"modified":"2026-01-27T20:39:09","modified_gmt":"2026-01-27T20:39:09","slug":"fale-conosco","status":"publish","type":"page","link":"http:\/\/pontuallider.com.br\/?page_id=17","title":{"rendered":"Fale com a Pontual L\u00edder"},"content":{"rendered":"<p><strong>AG\u00caNCIA PONTUAL L\u00cdDER &#8211; Servi\u00e7os dom\u00e9sticos diaristas<br \/>\n<\/strong><strong>Sede pr\u00f3pria:<\/strong> Rua S\u00e3o Paulo 1071, sala 607 &#8211;\u00a0Centro &#8211; Belo Horizonte\/MG<br \/>\nTels:\u00a0(31) <strong>3222.0395<\/strong> | Whastapp (31) <strong>99191.5001<\/strong><\/p>\n<p><iframe loading=\"lazy\" style=\"border: 0;\" src=\"https:\/\/www.google.com\/maps\/embed?pb=!1m14!1m8!1m3!1d3751.03360181488!2d-43.9431734!3d-19.9229888!3m2!1i1024!2i768!4f13.1!3m3!1m2!1s0xa699e3cc55026f%3A0xd370c154cd47788b!2sPontual+L%C3%ADder+Serv+Ltda!5e0!3m2!1spt-BR!2sbr!4v1444529516448\" width=\"800\" height=\"200\" frameborder=\"0\" allowfullscreen=\"allowfullscreen\"><\/iframe><\/p>\n","protected":false},"excerpt":{"rendered":"<p>AG\u00caNCIA PONTUAL L\u00cdDER &#8211; Servi\u00e7os dom\u00e9sticos diaristas Sede pr\u00f3pria: Rua S\u00e3o Paulo 1071, sala 607 &#8211;\u00a0Centro &#8211; Belo Horizonte\/MG Tels:\u00a0(31) 3222.0395 | Whastapp (31) 99191.5001<\/p>\n","protected":false},"author":1,"featured_media":0,"parent":0,"menu_order":9,"comment_status":"closed","ping_status":"closed","template":"","meta":{"footnotes":""},"_links":{"self":[{"href":"http:\/\/pontuallider.com.br\/index.php?rest_route=\/wp\/v2\/pages\/17"}],"collection":[{"href":"http:\/\/pontuallider.com.br\/index.php?rest_route=\/wp\/v2\/pages"}],"about":[{"href":"http:\/\/pontuallider.com.br\/index.php?rest_route=\/wp\/v2\/types\/page"}],"author":[{"embeddable":true,"href":"http:\/\/pontuallider.com.br\/index.php?rest_route=\/wp\/v2\/users\/1"}],"replies":[{"embeddable":true,"href":"http:\/\/pontuallider.com.br\/index.php?rest_route=%2Fwp%2Fv2%2Fcomments&post=17"}],"version-history":[{"count":5,"href":"http:\/\/pontuallider.com.br\/index.php?rest_route=\/wp\/v2\/pages\/17\/revisions"}],"predecessor-version":[{"id":111,"href":"http:\/\/pontuallider.com.br\/index.php?rest_route=\/wp\/v2\/pages\/17\/revisions\/111"}],"wp:attachment":[{"href":"http:\/\/pontuallider.com.br\/index.php?rest_route=%2Fwp%2Fv2%2Fmedia&parent=17"}],"curies":[{"name":"wp","href":"https:\/\/api.w.org\/{rel}","templated":true}]}}