{"id":11,"date":"2015-10-08T17:38:16","date_gmt":"2015-10-08T17:38:16","guid":{"rendered":"http:\/\/pontuallider.com.br\/?page_id=11"},"modified":"2015-10-08T17:38:16","modified_gmt":"2015-10-08T17:38:16","slug":"servicos","status":"publish","type":"page","link":"http:\/\/pontuallider.com.br\/?page_id=11","title":{"rendered":"Servi\u00e7os"},"content":{"rendered":"<ul>\n<li>Contrata\u00e7\u00e3o de dom\u00e9sticas;<\/li>\n<li>Bab\u00e1s, Baby-Sitter;<\/li>\n<li>Cozinheiras<\/li>\n<li>Arrumadeiras;<\/li>\n<li>Motoristas;<\/li>\n<li>Governantas;<\/li>\n<li>Copeiros;<\/li>\n<li>Caseiros;<\/li>\n<li>Cuidador de idosos;<\/li>\n<li>Lavadeira;<\/li>\n<li>Passadeira;<\/li>\n<li>Faxineira.<\/li>\n<\/ul>\n","protected":false},"excerpt":{"rendered":"<p>Contrata\u00e7\u00e3o de dom\u00e9sticas; Bab\u00e1s, Baby-Sitter; Cozinheiras Arrumadeiras; Motoristas; Governantas; Copeiros; Caseiros; Cuidador de idosos; Lavadeira; Passadeira; Faxineira.<\/p>\n","protected":false},"author":1,"featured_media":0,"parent":0,"menu_order":3,"comment_status":"closed","ping_status":"closed","template":"","meta":{"footnotes":""},"_links":{"self":[{"href":"http:\/\/pontuallider.com.br\/index.php?rest_route=\/wp\/v2\/pages\/11"}],"collection":[{"href":"http:\/\/pontuallider.com.br\/index.php?rest_route=\/wp\/v2\/pages"}],"about":[{"href":"http:\/\/pontuallider.com.br\/index.php?rest_route=\/wp\/v2\/types\/page"}],"author":[{"embeddable":true,"href":"http:\/\/pontuallider.com.br\/index.php?rest_route=\/wp\/v2\/users\/1"}],"replies":[{"embeddable":true,"href":"http:\/\/pontuallider.com.br\/index.php?rest_route=%2Fwp%2Fv2%2Fcomments&post=11"}],"version-history":[{"count":0,"href":"http:\/\/pontuallider.com.br\/index.php?rest_route=\/wp\/v2\/pages\/11\/revisions"}],"wp:attachment":[{"href":"http:\/\/pontuallider.com.br\/index.php?rest_route=%2Fwp%2Fv2%2Fmedia&parent=11"}],"curies":[{"name":"wp","href":"https:\/\/api.w.org\/{rel}","templated":true}]}}